{"id":2855,"date":"2023-03-15T19:20:03","date_gmt":"2023-03-16T00:20:03","guid":{"rendered":"https:\/\/oilsmagic.org\/producto\/roomse-kamille-olie\/"},"modified":"2023-03-15T19:20:03","modified_gmt":"2023-03-16T00:20:03","slug":"kamille-roman-olie","status":"publish","type":"product","link":"https:\/\/oilsmagic.org\/nl\/product\/kamille-roman-olie\/","title":{"rendered":"Roomse kamille olie"},"content":{"rendered":"<p>Roomse kamilleolie is een heerlijk plantje dat naar appels ruikt en al eeuwenlang wordt gebruikt voor zijn helende eigenschappen. Roomse kamilleolie wordt vaak gebruikt in verzorgingsproducten, zoals gezichtscr\u00e8mes, shampoos en parfums, vanwege de zoete, bloemige geur. Maar wat nog interessanter is, is dat Roomse kamille bij inname ook een kalmerend effect heeft op het lichaam. Of je het nu toevoegt aan je thee of in capsulevorm inneemt, deze essenti\u00eble olie kan je helpen je meer ontspannen en kalm te voelen. En bij plaatselijke toepassing kan het een uitstekend huidverzachtend ingredi\u00ebnt zijn. Dus als u de volgende keer op zoek bent naar een natuurlijk ingredi\u00ebnt om uw huid of geest te kalmeren, aarzel dan niet om de essenti\u00eble olie van Roomse kamille te proberen!<\/p>\n","protected":false},"excerpt":{"rendered":"<p>Roomse kamilleolie staat bekend om haar zoete, bloemige aroma en is zeer zacht voor de huid wanneer ze rechtstreeks wordt aangebracht.<\/p>\n","protected":false},"featured_media":2136,"comment_status":"open","ping_status":"closed","template":"","meta":{"_joinchat":[]},"product_brand":[],"product_cat":[78,67],"product_tag":[],"class_list":{"0":"post-2855","1":"product","2":"type-product","3":"status-publish","4":"has-post-thumbnail","6":"product_cat-etherische-olien","7":"product_cat-individuele-olien","9":"first","10":"instock","11":"taxable","12":"shipping-taxable","13":"purchasable","14":"product-type-simple"},"_links":{"self":[{"href":"https:\/\/oilsmagic.org\/nl\/wp-json\/wp\/v2\/product\/2855","targetHints":{"allow":["GET"]}}],"collection":[{"href":"https:\/\/oilsmagic.org\/nl\/wp-json\/wp\/v2\/product"}],"about":[{"href":"https:\/\/oilsmagic.org\/nl\/wp-json\/wp\/v2\/types\/product"}],"replies":[{"embeddable":true,"href":"https:\/\/oilsmagic.org\/nl\/wp-json\/wp\/v2\/comments?post=2855"}],"version-history":[{"count":0,"href":"https:\/\/oilsmagic.org\/nl\/wp-json\/wp\/v2\/product\/2855\/revisions"}],"wp:featuredmedia":[{"embeddable":true,"href":"https:\/\/oilsmagic.org\/nl\/wp-json\/wp\/v2\/media\/2136"}],"wp:attachment":[{"href":"https:\/\/oilsmagic.org\/nl\/wp-json\/wp\/v2\/media?parent=2855"}],"wp:term":[{"taxonomy":"product_brand","embeddable":true,"href":"https:\/\/oilsmagic.org\/nl\/wp-json\/wp\/v2\/product_brand?post=2855"},{"taxonomy":"product_cat","embeddable":true,"href":"https:\/\/oilsmagic.org\/nl\/wp-json\/wp\/v2\/product_cat?post=2855"},{"taxonomy":"product_tag","embeddable":true,"href":"https:\/\/oilsmagic.org\/nl\/wp-json\/wp\/v2\/product_tag?post=2855"}],"curies":[{"name":"wp","href":"https:\/\/api.w.org\/{rel}","templated":true}]}}