{"id":2850,"date":"2023-03-21T18:43:45","date_gmt":"2023-03-21T23:43:45","guid":{"rendered":"https:\/\/oilsmagic.org\/producto\/digestzen-olie\/"},"modified":"2023-03-21T18:43:45","modified_gmt":"2023-03-21T23:43:45","slug":"digestzen-oil-2","status":"publish","type":"product","link":"https:\/\/oilsmagic.org\/nl\/product\/digestzen-oil-2\/","title":{"rendered":"DigestZen Olie"},"content":{"rendered":"<p>DigestZen essenti\u00eble olie is een mengsel van therapeutische essenti\u00eble oli\u00ebn om de spijsvertering te verbeteren en maagklachten te verlichten. Dit mengsel is samengesteld uit essenti\u00eble oli\u00ebn van gember, pepermunt, anijs, komijn, koriander en andere kruidenextracten.<\/p>\n<p>Bij topische toepassing op de buikstreek kan DigestZen olie de symptomen van indigestie, misselijkheid, brandend maagzuur en andere maagdarmproblemen helpen verlichten. Daarnaast kan DigestZen essenti\u00eble olie ook helpen bij het verminderen van symptomen van stress en angst die verband kunnen houden met spijsverteringsproblemen.<\/p>\n<p>Het kan ook in de lucht worden verspreid om spijsverteringsproblemen te verlichten en de ademhaling te verbeteren. Dit mengsel van essenti\u00eble oli\u00ebn heeft een fris en kruidig aroma dat aangenaam en ontspannend is.<\/p>\n<p>Primaire voordelen<\/p>\n<ul>\n<li>Ondersteunt een gezonde spijsvertering bij inwendig gebruik.<\/li>\n<li>Verlicht af en toe maagklachten bij inwendig gebruik.<\/li>\n<li>Helpt winderigheid en occasionele indigestie te verminderen bij inwendig gebruik.<\/li>\n<li>Het vult een troostende buikmassage aan met een kruidig, zoet en muntachtig aroma.<\/li>\n<\/ul>\n","protected":false},"excerpt":{"rendered":"<p>DigestZen Oil is een mengsel van therapeutische essenti\u00eble oli\u00ebn, ontworpen om de spijsvertering te verbeteren en maagproblemen te verlichten.<\/p>\n","protected":false},"featured_media":2282,"comment_status":"open","ping_status":"closed","template":"","meta":{"_joinchat":[]},"product_brand":[],"product_cat":[71,69,78],"product_tag":[],"class_list":{"0":"post-2850","1":"product","2":"type-product","3":"status-publish","4":"has-post-thumbnail","6":"product_cat-digestzen-producten","7":"product_cat-eigen-mengsels-van-essentiele-olien","8":"product_cat-etherische-olien","10":"first","11":"instock","12":"taxable","13":"shipping-taxable","14":"purchasable","15":"product-type-simple"},"_links":{"self":[{"href":"https:\/\/oilsmagic.org\/nl\/wp-json\/wp\/v2\/product\/2850","targetHints":{"allow":["GET"]}}],"collection":[{"href":"https:\/\/oilsmagic.org\/nl\/wp-json\/wp\/v2\/product"}],"about":[{"href":"https:\/\/oilsmagic.org\/nl\/wp-json\/wp\/v2\/types\/product"}],"replies":[{"embeddable":true,"href":"https:\/\/oilsmagic.org\/nl\/wp-json\/wp\/v2\/comments?post=2850"}],"version-history":[{"count":0,"href":"https:\/\/oilsmagic.org\/nl\/wp-json\/wp\/v2\/product\/2850\/revisions"}],"wp:featuredmedia":[{"embeddable":true,"href":"https:\/\/oilsmagic.org\/nl\/wp-json\/wp\/v2\/media\/2282"}],"wp:attachment":[{"href":"https:\/\/oilsmagic.org\/nl\/wp-json\/wp\/v2\/media?parent=2850"}],"wp:term":[{"taxonomy":"product_brand","embeddable":true,"href":"https:\/\/oilsmagic.org\/nl\/wp-json\/wp\/v2\/product_brand?post=2850"},{"taxonomy":"product_cat","embeddable":true,"href":"https:\/\/oilsmagic.org\/nl\/wp-json\/wp\/v2\/product_cat?post=2850"},{"taxonomy":"product_tag","embeddable":true,"href":"https:\/\/oilsmagic.org\/nl\/wp-json\/wp\/v2\/product_tag?post=2850"}],"curies":[{"name":"wp","href":"https:\/\/api.w.org\/{rel}","templated":true}]}}