{"id":2848,"date":"2023-03-14T12:27:54","date_gmt":"2023-03-14T17:27:54","guid":{"rendered":"https:\/\/oilsmagic.org\/producto\/douglas-firma-olie\/"},"modified":"2023-03-14T12:27:54","modified_gmt":"2023-03-14T17:27:54","slug":"douglas-olie","status":"publish","type":"product","link":"https:\/\/oilsmagic.org\/nl\/product\/douglas-olie\/","title":{"rendered":"Douglas Firma Olie"},"content":{"rendered":"<p>De douglasspar is een prachtige conifeer die van nature in Noord-Amerika groeit. Het is een hoge, groenblijvende boom die vaak wordt gebruikt in de kerstboomindustrie, dankzij zijn aangename citroengeur die zoet en verfrissend is.<\/p>\n<p>De essenti\u00eble olie van doTERRA&#8217;s Douglas Fir is duurzaam afkomstig van jonge bomen uit Nieuw-Zeeland, waar deze soort als invasief wordt beschouwd en het ecosysteem van het land bedreigt. Door deze bomen te oogsten en ze te gebruiken om essenti\u00eble olie te verkrijgen, helpt doTERRA de milieu-impact van invasieve bomen te bestrijden en levert het tegelijkertijd een essenti\u00eble olie van topkwaliteit.<\/p>\n<p>Bovendien heeft Douglas Fir een unieke chemische samenstelling die bijzonder rijk is aan \u03b2-pineen, wat bijdraagt tot het vermogen om een optimistische en opbeurende sfeer te cre\u00ebren. Het kan ook worden gebruikt om de huid en oppervlakken te zuiveren.<\/p>\n<p>Door Douglas Fir essenti\u00eble olie te mengen met citrusoli\u00ebn kunt u in elke ruimte een opbeurende en verfrissende sfeer cre\u00ebren.<\/p>\n<p>Ik hoop dat deze versie gebruiksvriendelijker en gemakkelijker leesbaar is. Aarzel niet om het me te laten weten als je verdere hulp nodig hebt!<\/p>\n<p>&nbsp;<\/p>\n<h2>Voorzorgsmaatregelen<\/h2>\n<p>Mogelijke overgevoeligheid van de huid. Buiten bereik van kinderen houden. Raadpleeg uw arts als u zwanger bent, borstvoeding geeft of een behandeling ondergaat. Vermijd contact met de ogen, de binnenkant van de oren en andere gevoelige plaatsen.<\/p>\n<p>&nbsp;<\/p>\n<h2>Gebruikt<\/h2>\n<ul>\n<li>Combineer Douglas Fir met Wilde Sinaasappel, Citroen of Bergamot in een verstuiver om de stemming te verbeteren en de concentratie te bevorderen.<\/li>\n<li>Verspreid 2-3 druppels Douglas Fir met 2-3 druppels Eucalyptus of wrijf het op uw handen en inhaleer diep om het gevoel van heldere luchtwegen en gemakkelijke ademhaling te bevorderen.<\/li>\n<li>Combineer met 1-2 druppels Wintergreen (wintergroen) voor een ontspannende massage-ervaring.<\/li>\n<\/ul>\n<h2>Belangrijkste voordelen<\/h2>\n<ul>\n<li>Bevordert het gevoel van een heldere luchtweg en gemakkelijke ademhaling.<\/li>\n<li>Reinigt en zuivert de huid.<\/li>\n<li>Het aroma bevordert een positieve stemming en een gevoel van concentratie.<\/li>\n<\/ul>\n<h2>Aromatische beschrijving<\/h2>\n<p>Schoon, fris, houtachtig, luchtig.<\/p>\n<h2>Productiemethode<\/h2>\n<p>Stoomdestillatie.<\/p>\n<h2>Deel van de plant<\/h2>\n<p>Tak\/blad.<\/p>\n<h2>Belangrijkste onderdelen<\/h2>\n<p>B-pineen, apineen, 3-carvene, sabineen.<\/p>\n","protected":false},"excerpt":{"rendered":"<p>Douglas Fir Oil is een essenti\u00eble olie die duurzaam wordt gewonnen uit jonge bomen in Nieuw-Zeeland. Met zijn aangename citroengeur staat het bekend om zijn zuiverende en stimulerende eigenschappen om een optimistische sfeer te cre\u00ebren. Rijk aan \u03b2-pineen, is deze essenti\u00eble olie perfect om te mengen met andere citrusoli\u00ebn om de lucht in elke ruimte te verfrissen.<\/p>\n","protected":false},"featured_media":2020,"comment_status":"open","ping_status":"closed","template":"","meta":{"_joinchat":[]},"product_brand":[],"product_cat":[78,67],"product_tag":[],"class_list":{"0":"post-2848","1":"product","2":"type-product","3":"status-publish","4":"has-post-thumbnail","6":"product_cat-etherische-olien","7":"product_cat-individuele-olien","9":"first","10":"instock","11":"taxable","12":"shipping-taxable","13":"purchasable","14":"product-type-simple"},"_links":{"self":[{"href":"https:\/\/oilsmagic.org\/nl\/wp-json\/wp\/v2\/product\/2848","targetHints":{"allow":["GET"]}}],"collection":[{"href":"https:\/\/oilsmagic.org\/nl\/wp-json\/wp\/v2\/product"}],"about":[{"href":"https:\/\/oilsmagic.org\/nl\/wp-json\/wp\/v2\/types\/product"}],"replies":[{"embeddable":true,"href":"https:\/\/oilsmagic.org\/nl\/wp-json\/wp\/v2\/comments?post=2848"}],"version-history":[{"count":0,"href":"https:\/\/oilsmagic.org\/nl\/wp-json\/wp\/v2\/product\/2848\/revisions"}],"wp:featuredmedia":[{"embeddable":true,"href":"https:\/\/oilsmagic.org\/nl\/wp-json\/wp\/v2\/media\/2020"}],"wp:attachment":[{"href":"https:\/\/oilsmagic.org\/nl\/wp-json\/wp\/v2\/media?parent=2848"}],"wp:term":[{"taxonomy":"product_brand","embeddable":true,"href":"https:\/\/oilsmagic.org\/nl\/wp-json\/wp\/v2\/product_brand?post=2848"},{"taxonomy":"product_cat","embeddable":true,"href":"https:\/\/oilsmagic.org\/nl\/wp-json\/wp\/v2\/product_cat?post=2848"},{"taxonomy":"product_tag","embeddable":true,"href":"https:\/\/oilsmagic.org\/nl\/wp-json\/wp\/v2\/product_tag?post=2848"}],"curies":[{"name":"wp","href":"https:\/\/api.w.org\/{rel}","templated":true}]}}