{"id":2842,"date":"2023-03-15T18:29:32","date_gmt":"2023-03-15T23:29:32","guid":{"rendered":"https:\/\/oilsmagic.org\/producto\/tea-tree-olie\/"},"modified":"2023-03-15T18:29:32","modified_gmt":"2023-03-15T23:29:32","slug":"tea-tree-oil","status":"publish","type":"product","link":"https:\/\/oilsmagic.org\/nl\/product\/tea-tree-oil\/","title":{"rendered":"Tea Tree Olie"},"content":{"rendered":"<p>Tea Tree essenti\u00eble olie is een natuurlijke stof die wordt gewonnen uit de bladeren van de Tea Tree, een plant die groeit in Australi\u00eb. De Aboriginals in Australi\u00eb gebruiken de geplette bladeren van de Tea Tree al eeuwenlang om de huid te verfrissen en gezond te houden.<\/p>\n<p>Tea Tree essenti\u00eble olie heeft meer dan 90 verschillende bestanddelen, waardoor het een zeer veelzijdig product is met veel verschillende toepassingen. Tea Tree staat bekend om zijn zuiverende eigenschappen, dus kan het gebruikt worden om de huid en de nagels te reinigen en te zuiveren. Het staat ook bekend om zijn verzachtende eigenschappen, zodat het kan worden gebruikt bij incidentele huidirritaties.<\/p>\n<p>Bovendien kan de Tea Tree ook in de lucht worden verspreid om de atmosfeer te verfrissen. Kortom, Tea Tree essenti\u00eble olie is een zeer nuttige en veelzijdige natuurlijke stof die op veel verschillende manieren kan worden gebruikt voor een gezonde huid en een gezond milieu.<\/p>\n","protected":false},"excerpt":{"rendered":"<p>Tea Tree essenti\u00eble olie staat bekend om zijn reinigende en zuiverende eigenschappen. Het is zeer nuttig voor het reinigen van de huid, huishoudelijke oppervlakken en zelfs voor het zuiveren van de lucht. Als je een beetje reinheid en frisheid in je leven nodig hebt.<\/p>\n","protected":false},"featured_media":2124,"comment_status":"open","ping_status":"closed","template":"","meta":{"_joinchat":[]},"product_brand":[],"product_cat":[78,67],"product_tag":[],"class_list":{"0":"post-2842","1":"product","2":"type-product","3":"status-publish","4":"has-post-thumbnail","6":"product_cat-etherische-olien","7":"product_cat-individuele-olien","9":"first","10":"instock","11":"taxable","12":"shipping-taxable","13":"purchasable","14":"product-type-simple"},"_links":{"self":[{"href":"https:\/\/oilsmagic.org\/nl\/wp-json\/wp\/v2\/product\/2842","targetHints":{"allow":["GET"]}}],"collection":[{"href":"https:\/\/oilsmagic.org\/nl\/wp-json\/wp\/v2\/product"}],"about":[{"href":"https:\/\/oilsmagic.org\/nl\/wp-json\/wp\/v2\/types\/product"}],"replies":[{"embeddable":true,"href":"https:\/\/oilsmagic.org\/nl\/wp-json\/wp\/v2\/comments?post=2842"}],"version-history":[{"count":0,"href":"https:\/\/oilsmagic.org\/nl\/wp-json\/wp\/v2\/product\/2842\/revisions"}],"wp:featuredmedia":[{"embeddable":true,"href":"https:\/\/oilsmagic.org\/nl\/wp-json\/wp\/v2\/media\/2124"}],"wp:attachment":[{"href":"https:\/\/oilsmagic.org\/nl\/wp-json\/wp\/v2\/media?parent=2842"}],"wp:term":[{"taxonomy":"product_brand","embeddable":true,"href":"https:\/\/oilsmagic.org\/nl\/wp-json\/wp\/v2\/product_brand?post=2842"},{"taxonomy":"product_cat","embeddable":true,"href":"https:\/\/oilsmagic.org\/nl\/wp-json\/wp\/v2\/product_cat?post=2842"},{"taxonomy":"product_tag","embeddable":true,"href":"https:\/\/oilsmagic.org\/nl\/wp-json\/wp\/v2\/product_tag?post=2842"}],"curies":[{"name":"wp","href":"https:\/\/api.w.org\/{rel}","templated":true}]}}