{"id":2699,"date":"2023-03-21T11:19:44","date_gmt":"2023-03-21T16:19:44","guid":{"rendered":"https:\/\/oilsmagic.org\/producto\/olie-zendocrine\/"},"modified":"2023-03-21T11:19:44","modified_gmt":"2023-03-21T16:19:44","slug":"olie-van-zendocrine","status":"publish","type":"product","link":"https:\/\/oilsmagic.org\/nl\/product\/olie-van-zendocrine\/","title":{"rendered":"Olie Zendocrine"},"content":{"rendered":"<p>Zendocrine Oil is een essenti\u00eble olie van doTERRA die speciaal is samengesteld om een gezonde lichaamsfunctie te helpen behouden door de natuurlijke eliminatie van gifstoffen in het lichaam te ondersteunen.<\/p>\n<p>Deze olie is samengesteld uit een mengsel van zuivere, hoogwaardige essenti\u00eble oli\u00ebn, waaronder Gember, Koriander, Citroenthee, Pepermunt en andere natuurlijke ingredi\u00ebnten. Samen werken deze ingredi\u00ebnten synergetisch om de ontgifting en inwendige reiniging te bevorderen, het spijsverteringsstelsel in balans te brengen en de leverfunctie te ondersteunen.<\/p>\n<p>Zendocrine Olie kan op verschillende manieren worden gebruikt, zoals in aromatherapie, plaatselijk toegepast, of zelfs inwendig ingenomen onder toezicht van een gekwalificeerde gezondheidsdeskundige. Het wordt aanbevolen het te gebruiken in combinatie met een gezond dieet en een actieve levensstijl voor de beste resultaten.<\/p>\n","protected":false},"excerpt":{"rendered":"<p>Het Zendocrine oliemengsel is gemaakt van zuivere, hoogwaardige essenti\u00eble oli\u00ebn die samenwerken om de natuurlijke werking van het lichaam te ondersteunen.<\/p>\n","protected":false},"featured_media":2364,"comment_status":"open","ping_status":"closed","template":"","meta":{"_joinchat":[]},"product_brand":[],"product_cat":[69,78],"product_tag":[],"class_list":{"0":"post-2699","1":"product","2":"type-product","3":"status-publish","4":"has-post-thumbnail","6":"product_cat-eigen-mengsels-van-essentiele-olien","7":"product_cat-etherische-olien","9":"first","10":"instock","11":"taxable","12":"shipping-taxable","13":"purchasable","14":"product-type-simple"},"_links":{"self":[{"href":"https:\/\/oilsmagic.org\/nl\/wp-json\/wp\/v2\/product\/2699","targetHints":{"allow":["GET"]}}],"collection":[{"href":"https:\/\/oilsmagic.org\/nl\/wp-json\/wp\/v2\/product"}],"about":[{"href":"https:\/\/oilsmagic.org\/nl\/wp-json\/wp\/v2\/types\/product"}],"replies":[{"embeddable":true,"href":"https:\/\/oilsmagic.org\/nl\/wp-json\/wp\/v2\/comments?post=2699"}],"version-history":[{"count":0,"href":"https:\/\/oilsmagic.org\/nl\/wp-json\/wp\/v2\/product\/2699\/revisions"}],"wp:featuredmedia":[{"embeddable":true,"href":"https:\/\/oilsmagic.org\/nl\/wp-json\/wp\/v2\/media\/2364"}],"wp:attachment":[{"href":"https:\/\/oilsmagic.org\/nl\/wp-json\/wp\/v2\/media?parent=2699"}],"wp:term":[{"taxonomy":"product_brand","embeddable":true,"href":"https:\/\/oilsmagic.org\/nl\/wp-json\/wp\/v2\/product_brand?post=2699"},{"taxonomy":"product_cat","embeddable":true,"href":"https:\/\/oilsmagic.org\/nl\/wp-json\/wp\/v2\/product_cat?post=2699"},{"taxonomy":"product_tag","embeddable":true,"href":"https:\/\/oilsmagic.org\/nl\/wp-json\/wp\/v2\/product_tag?post=2699"}],"curies":[{"name":"wp","href":"https:\/\/api.w.org\/{rel}","templated":true}]}}