{"id":2693,"date":"2023-03-21T12:06:18","date_gmt":"2023-03-21T17:06:18","guid":{"rendered":"https:\/\/oilsmagic.org\/producto\/olie-terrashield\/"},"modified":"2023-03-21T12:06:18","modified_gmt":"2023-03-21T17:06:18","slug":"olie-van-terrashield","status":"publish","type":"product","link":"https:\/\/oilsmagic.org\/nl\/product\/olie-van-terrashield\/","title":{"rendered":"Olie TerraShield"},"content":{"rendered":"<p>TerraShield Oil is een mengsel van essenti\u00eble oli\u00ebn van het merk doTERRA, ontworpen om insecten op natuurlijke wijze te weren. Dit mengsel bevat essenti\u00eble oli\u00ebn zoals citronella, eucalyptus, pepermunt, tijm en geranium.<\/p>\n<p>Citronella staat bekend om zijn vermogen muggen en andere insecten te weren, terwijl eucalyptus en tijm antiseptische en antimicrobi\u00eble eigenschappen hebben. Pepermunt en geranium hebben ook insectenwerende eigenschappen en kunnen helpen de jeukende huid te verzachten.<\/p>\n<p>TerraShield kan rechtstreeks op de huid worden aangebracht voordat u naar buiten gaat om te beschermen tegen insecten. Het kan ook worden aangebracht op de deuren en ramen van het huis om insecten buiten te houden. Bovendien is TerraShield veilig voor gebruik bij kinderen en huisdieren. Met zijn zorgvuldig samengestelde formulering kan dit mengsel een veiliger alternatief zijn<\/p>\n","protected":false},"excerpt":{"rendered":"<p>TerraShield Oil is een mengsel van essenti\u00eble oli\u00ebn van doTERRA, ontworpen om insecten op natuurlijke wijze te weren.<\/p>\n","protected":false},"featured_media":2358,"comment_status":"open","ping_status":"closed","template":"","meta":{"_joinchat":[]},"product_brand":[],"product_cat":[65],"product_tag":[],"class_list":{"0":"post-2693","1":"product","2":"type-product","3":"status-publish","4":"has-post-thumbnail","6":"product_cat-oils-magic-nl","8":"first","9":"instock","10":"taxable","11":"shipping-taxable","12":"purchasable","13":"product-type-simple"},"_links":{"self":[{"href":"https:\/\/oilsmagic.org\/nl\/wp-json\/wp\/v2\/product\/2693","targetHints":{"allow":["GET"]}}],"collection":[{"href":"https:\/\/oilsmagic.org\/nl\/wp-json\/wp\/v2\/product"}],"about":[{"href":"https:\/\/oilsmagic.org\/nl\/wp-json\/wp\/v2\/types\/product"}],"replies":[{"embeddable":true,"href":"https:\/\/oilsmagic.org\/nl\/wp-json\/wp\/v2\/comments?post=2693"}],"version-history":[{"count":0,"href":"https:\/\/oilsmagic.org\/nl\/wp-json\/wp\/v2\/product\/2693\/revisions"}],"wp:featuredmedia":[{"embeddable":true,"href":"https:\/\/oilsmagic.org\/nl\/wp-json\/wp\/v2\/media\/2358"}],"wp:attachment":[{"href":"https:\/\/oilsmagic.org\/nl\/wp-json\/wp\/v2\/media?parent=2693"}],"wp:term":[{"taxonomy":"product_brand","embeddable":true,"href":"https:\/\/oilsmagic.org\/nl\/wp-json\/wp\/v2\/product_brand?post=2693"},{"taxonomy":"product_cat","embeddable":true,"href":"https:\/\/oilsmagic.org\/nl\/wp-json\/wp\/v2\/product_cat?post=2693"},{"taxonomy":"product_tag","embeddable":true,"href":"https:\/\/oilsmagic.org\/nl\/wp-json\/wp\/v2\/product_tag?post=2693"}],"curies":[{"name":"wp","href":"https:\/\/api.w.org\/{rel}","templated":true}]}}