{"id":2679,"date":"2023-03-21T13:35:00","date_gmt":"2023-03-21T18:35:00","guid":{"rendered":"https:\/\/oilsmagic.org\/producto\/olie-van-purify\/"},"modified":"2023-03-21T13:35:00","modified_gmt":"2023-03-21T18:35:00","slug":"olie-van-purify","status":"publish","type":"product","link":"https:\/\/oilsmagic.org\/nl\/product\/olie-van-purify\/","title":{"rendered":"Olie van Purify"},"content":{"rendered":"<p>Purify Oil is een product van het merk doTERRA dat is ontworpen om de lucht en oppervlakken in huis of op kantoor te helpen reinigen en zuiveren. Dit mengsel van essenti\u00eble oli\u00ebn bestaat uit een combinatie van oli\u00ebn die bekend staan om hun ontgeurende en zuiverende eigenschappen.<\/p>\n<p>Het Purify Oil mengsel bevat essenti\u00eble oli\u00ebn van citroen, limoen, dennen, tea tree, koriander en andere kruiden en specerijen. Deze oli\u00ebn hebben antimicrobi\u00eble, schimmelwerende en ontgeurende eigenschappen die kunnen helpen ongewenste geuren en bacteri\u00ebn uit de omgeving te verwijderen.<\/p>\n<p>Purify Oil kan in de lucht worden verspreid met een aromatherapie diffuser of plaatselijk worden aangebracht op oppervlakken in huis of op kantoor na verdunning met een draagolie. Een paar druppels Purify Oil kunnen ook aan de was worden toegevoegd om aanhoudende wasgeurtjes te verwijderen.<\/p>\n","protected":false},"excerpt":{"rendered":"<p>Purify olie is een uitstekende keuze voor wie een natuurlijk product zoekt om de omgeving te helpen reinigen en zuiveren.<\/p>\n","protected":false},"featured_media":2342,"comment_status":"open","ping_status":"closed","template":"","meta":{"_joinchat":[]},"product_brand":[],"product_cat":[69,78],"product_tag":[],"class_list":{"0":"post-2679","1":"product","2":"type-product","3":"status-publish","4":"has-post-thumbnail","6":"product_cat-eigen-mengsels-van-essentiele-olien","7":"product_cat-etherische-olien","9":"first","10":"instock","11":"taxable","12":"shipping-taxable","13":"purchasable","14":"product-type-simple"},"_links":{"self":[{"href":"https:\/\/oilsmagic.org\/nl\/wp-json\/wp\/v2\/product\/2679","targetHints":{"allow":["GET"]}}],"collection":[{"href":"https:\/\/oilsmagic.org\/nl\/wp-json\/wp\/v2\/product"}],"about":[{"href":"https:\/\/oilsmagic.org\/nl\/wp-json\/wp\/v2\/types\/product"}],"replies":[{"embeddable":true,"href":"https:\/\/oilsmagic.org\/nl\/wp-json\/wp\/v2\/comments?post=2679"}],"version-history":[{"count":0,"href":"https:\/\/oilsmagic.org\/nl\/wp-json\/wp\/v2\/product\/2679\/revisions"}],"wp:featuredmedia":[{"embeddable":true,"href":"https:\/\/oilsmagic.org\/nl\/wp-json\/wp\/v2\/media\/2342"}],"wp:attachment":[{"href":"https:\/\/oilsmagic.org\/nl\/wp-json\/wp\/v2\/media?parent=2679"}],"wp:term":[{"taxonomy":"product_brand","embeddable":true,"href":"https:\/\/oilsmagic.org\/nl\/wp-json\/wp\/v2\/product_brand?post=2679"},{"taxonomy":"product_cat","embeddable":true,"href":"https:\/\/oilsmagic.org\/nl\/wp-json\/wp\/v2\/product_cat?post=2679"},{"taxonomy":"product_tag","embeddable":true,"href":"https:\/\/oilsmagic.org\/nl\/wp-json\/wp\/v2\/product_tag?post=2679"}],"curies":[{"name":"wp","href":"https:\/\/api.w.org\/{rel}","templated":true}]}}