{"id":2678,"date":"2023-03-21T14:07:37","date_gmt":"2023-03-21T19:07:37","guid":{"rendered":"https:\/\/oilsmagic.org\/producto\/olie-van-pasttense\/"},"modified":"2023-03-21T14:07:37","modified_gmt":"2023-03-21T19:07:37","slug":"olie-vande-pasttense","status":"publish","type":"product","link":"https:\/\/oilsmagic.org\/nl\/product\/olie-vande-pasttense\/","title":{"rendered":"Olie van PastTense"},"content":{"rendered":"<p>PastTense Oil is een product van het merk doTERRA dat ontworpen is om spanning en ongemak in hoofd en nek te helpen verlichten. Dit mengsel van essenti\u00eble oli\u00ebn bestaat uit een combinatie van oli\u00ebn die al eeuwenlang worden gebruikt om pijn en ongemak in hoofd en nek te verlichten.<\/p>\n<p>PastTense Oil blend bevat essenti\u00eble oli\u00ebn van pepermunt, lavendel, citroengras, Romeinse kamille en andere essenti\u00eble oli\u00ebn. Deze oli\u00ebn hebben pijnstillende en ontspannende eigenschappen die kunnen helpen de spanning in de spieren van de nek en het hoofd te verminderen en pijn en ongemak te verlichten.<\/p>\n<p>PastTense Oil kan plaatselijk op de huid worden aangebracht na verdunning met een draagolie, of rechtstreeks uit het flesje worden ge\u00efnhaleerd. Het kan ook worden gebruikt om de spieren van de nek en het hoofd zachtjes te masseren voor een ontspannende en rustgevende ervaring.<\/p>\n","protected":false},"excerpt":{"rendered":"<p>PastTense Oil is een uitstekende keuze voor wie een natuurlijk product zoekt om spanning en ongemak in de nek en het hoofd te verlichten.<\/p>\n","protected":false},"featured_media":2340,"comment_status":"open","ping_status":"closed","template":"","meta":{"_joinchat":[]},"product_brand":[],"product_cat":[69,78],"product_tag":[],"class_list":{"0":"post-2678","1":"product","2":"type-product","3":"status-publish","4":"has-post-thumbnail","6":"product_cat-eigen-mengsels-van-essentiele-olien","7":"product_cat-etherische-olien","9":"first","10":"instock","11":"taxable","12":"shipping-taxable","13":"purchasable","14":"product-type-simple"},"_links":{"self":[{"href":"https:\/\/oilsmagic.org\/nl\/wp-json\/wp\/v2\/product\/2678","targetHints":{"allow":["GET"]}}],"collection":[{"href":"https:\/\/oilsmagic.org\/nl\/wp-json\/wp\/v2\/product"}],"about":[{"href":"https:\/\/oilsmagic.org\/nl\/wp-json\/wp\/v2\/types\/product"}],"replies":[{"embeddable":true,"href":"https:\/\/oilsmagic.org\/nl\/wp-json\/wp\/v2\/comments?post=2678"}],"version-history":[{"count":0,"href":"https:\/\/oilsmagic.org\/nl\/wp-json\/wp\/v2\/product\/2678\/revisions"}],"wp:featuredmedia":[{"embeddable":true,"href":"https:\/\/oilsmagic.org\/nl\/wp-json\/wp\/v2\/media\/2340"}],"wp:attachment":[{"href":"https:\/\/oilsmagic.org\/nl\/wp-json\/wp\/v2\/media?parent=2678"}],"wp:term":[{"taxonomy":"product_brand","embeddable":true,"href":"https:\/\/oilsmagic.org\/nl\/wp-json\/wp\/v2\/product_brand?post=2678"},{"taxonomy":"product_cat","embeddable":true,"href":"https:\/\/oilsmagic.org\/nl\/wp-json\/wp\/v2\/product_cat?post=2678"},{"taxonomy":"product_tag","embeddable":true,"href":"https:\/\/oilsmagic.org\/nl\/wp-json\/wp\/v2\/product_tag?post=2678"}],"curies":[{"name":"wp","href":"https:\/\/api.w.org\/{rel}","templated":true}]}}