{"id":2676,"date":"2023-03-21T14:09:23","date_gmt":"2023-03-21T19:09:23","guid":{"rendered":"https:\/\/oilsmagic.org\/producto\/olie-passion\/"},"modified":"2023-03-21T14:09:23","modified_gmt":"2023-03-21T19:09:23","slug":"olie-passion","status":"publish","type":"product","link":"https:\/\/oilsmagic.org\/nl\/product\/olie-passion\/","title":{"rendered":"Olie Passion"},"content":{"rendered":"<p>Passion Oil is een product van het merk doTERRA dat ontworpen is om bij iedereen passie, verlangen en creativiteit op te wekken. Dit mengsel van essenti\u00eble oli\u00ebn bestaat uit een combinatie van oli\u00ebn die al eeuwenlang worden gebruikt om de stemming te verbeteren en de energie en motivatie te verhogen.<\/p>\n<p>Het Passion Oil mengsel bevat essenti\u00eble oli\u00ebn van sandelhout, gember, kaneel en kruidnagel. Deze oli\u00ebn hebben stimulerende eigenschappen die kunnen helpen de stemming te verbeteren en de energie en motivatie te verhogen. Het is ook aangetoond dat deze oli\u00ebn stress en angst kunnen helpen verminderen, wat de stemming en het gevoel van welzijn verder kan verbeteren.<\/p>\n<p>Passieolie kan plaatselijk op de huid worden aangebracht na verdunning met een draagolie, of rechtstreeks uit de fles worden ge\u00efnhaleerd. Het kan ook worden gebruikt in een aromatherapieverstuiver om in de hele kamer te genieten van de stimulerende werking.<\/p>\n","protected":false},"excerpt":{"rendered":"<p>Passieolie is een uitstekende keuze voor wie een natuurlijk product zoekt om de stemming te verbeteren, energie en motivatie te verhogen, en passie en creativiteit op te wekken.<\/p>\n","protected":false},"featured_media":2338,"comment_status":"open","ping_status":"closed","template":"","meta":{"_joinchat":[]},"product_brand":[],"product_cat":[69,78],"product_tag":[],"class_list":{"0":"post-2676","1":"product","2":"type-product","3":"status-publish","4":"has-post-thumbnail","6":"product_cat-eigen-mengsels-van-essentiele-olien","7":"product_cat-etherische-olien","9":"first","10":"instock","11":"taxable","12":"shipping-taxable","13":"purchasable","14":"product-type-simple"},"_links":{"self":[{"href":"https:\/\/oilsmagic.org\/nl\/wp-json\/wp\/v2\/product\/2676","targetHints":{"allow":["GET"]}}],"collection":[{"href":"https:\/\/oilsmagic.org\/nl\/wp-json\/wp\/v2\/product"}],"about":[{"href":"https:\/\/oilsmagic.org\/nl\/wp-json\/wp\/v2\/types\/product"}],"replies":[{"embeddable":true,"href":"https:\/\/oilsmagic.org\/nl\/wp-json\/wp\/v2\/comments?post=2676"}],"version-history":[{"count":0,"href":"https:\/\/oilsmagic.org\/nl\/wp-json\/wp\/v2\/product\/2676\/revisions"}],"wp:featuredmedia":[{"embeddable":true,"href":"https:\/\/oilsmagic.org\/nl\/wp-json\/wp\/v2\/media\/2338"}],"wp:attachment":[{"href":"https:\/\/oilsmagic.org\/nl\/wp-json\/wp\/v2\/media?parent=2676"}],"wp:term":[{"taxonomy":"product_brand","embeddable":true,"href":"https:\/\/oilsmagic.org\/nl\/wp-json\/wp\/v2\/product_brand?post=2676"},{"taxonomy":"product_cat","embeddable":true,"href":"https:\/\/oilsmagic.org\/nl\/wp-json\/wp\/v2\/product_cat?post=2676"},{"taxonomy":"product_tag","embeddable":true,"href":"https:\/\/oilsmagic.org\/nl\/wp-json\/wp\/v2\/product_tag?post=2676"}],"curies":[{"name":"wp","href":"https:\/\/api.w.org\/{rel}","templated":true}]}}