{"id":2626,"date":"2023-03-21T18:40:21","date_gmt":"2023-03-21T23:40:21","guid":{"rendered":"https:\/\/oilsmagic.org\/producto\/olie-van-abode\/"},"modified":"2023-03-21T18:40:21","modified_gmt":"2023-03-21T23:40:21","slug":"olie-van-abode","status":"publish","type":"product","link":"https:\/\/oilsmagic.org\/nl\/product\/olie-van-abode\/","title":{"rendered":"Olie van ab\u014dde"},"content":{"rendered":"<p>ab\u014dde Oil is een unieke combinatie van hoogwaardige essenti\u00eble oli\u00ebn, waaronder gedistilleerde limoen, litsea, cassia, citroen-eucalyptus, tea tree, thuja, eucalyptus kochii, koriander, lavandin en citroenmirte. In combinatie met water wordt deze formule op basis van kalk een krachtige, niet-giftige reiniger die op alle oppervlakken in huis kan worden gebruikt.<\/p>\n<p>De doTERRA ab\u014dde mix bevat natuurlijke reinigende ingredi\u00ebnten, zoals limoneen, geranial, neral en 1,8-cineole, die zeer effectief zijn in het reinigen en desinfecteren. Kochii eucalyptusolie, die alleen voorkomt in de semi-aride outback van West-Australi\u00eb, heeft de hoogste concentratie 1,8-cineole of eucalyptol van alle beschikbare eucalyptusoli\u00ebn, waardoor het een krachtig reinigingsmiddel is.<\/p>\n<p>Bovendien bevat het doTERRA ab\u014dde mengsel geen schadelijke chemicali\u00ebn, waardoor het veilig is voor het milieu en voor u en uw gezin. U kunt het met een gerust hart gebruiken om uw oppervlakken te reinigen en uw huis op natuurlijke en doeltreffende wijze te verfrissen.<\/p>\n","protected":false},"excerpt":{"rendered":"<p>De ab\u014dde olie bevat krachtige oppervlakte reinigende essenti\u00eble oli\u00ebn.<\/p>\n","protected":false},"featured_media":2284,"comment_status":"open","ping_status":"closed","template":"","meta":{"_joinchat":[]},"product_brand":[],"product_cat":[69,78],"product_tag":[],"class_list":{"0":"post-2626","1":"product","2":"type-product","3":"status-publish","4":"has-post-thumbnail","6":"product_cat-eigen-mengsels-van-essentiele-olien","7":"product_cat-etherische-olien","9":"first","10":"instock","11":"taxable","12":"shipping-taxable","13":"purchasable","14":"product-type-simple"},"_links":{"self":[{"href":"https:\/\/oilsmagic.org\/nl\/wp-json\/wp\/v2\/product\/2626","targetHints":{"allow":["GET"]}}],"collection":[{"href":"https:\/\/oilsmagic.org\/nl\/wp-json\/wp\/v2\/product"}],"about":[{"href":"https:\/\/oilsmagic.org\/nl\/wp-json\/wp\/v2\/types\/product"}],"replies":[{"embeddable":true,"href":"https:\/\/oilsmagic.org\/nl\/wp-json\/wp\/v2\/comments?post=2626"}],"version-history":[{"count":0,"href":"https:\/\/oilsmagic.org\/nl\/wp-json\/wp\/v2\/product\/2626\/revisions"}],"wp:featuredmedia":[{"embeddable":true,"href":"https:\/\/oilsmagic.org\/nl\/wp-json\/wp\/v2\/media\/2284"}],"wp:attachment":[{"href":"https:\/\/oilsmagic.org\/nl\/wp-json\/wp\/v2\/media?parent=2626"}],"wp:term":[{"taxonomy":"product_brand","embeddable":true,"href":"https:\/\/oilsmagic.org\/nl\/wp-json\/wp\/v2\/product_brand?post=2626"},{"taxonomy":"product_cat","embeddable":true,"href":"https:\/\/oilsmagic.org\/nl\/wp-json\/wp\/v2\/product_cat?post=2626"},{"taxonomy":"product_tag","embeddable":true,"href":"https:\/\/oilsmagic.org\/nl\/wp-json\/wp\/v2\/product_tag?post=2626"}],"curies":[{"name":"wp","href":"https:\/\/api.w.org\/{rel}","templated":true}]}}