{"id":2615,"date":"2023-03-21T20:01:11","date_gmt":"2023-03-22T01:01:11","guid":{"rendered":"https:\/\/oilsmagic.org\/producto\/citrus-gelukzaligheid-olie\/"},"modified":"2023-03-21T20:01:11","modified_gmt":"2023-03-22T01:01:11","slug":"oil-from-citrus-bliss","status":"publish","type":"product","link":"https:\/\/oilsmagic.org\/nl\/product\/oil-from-citrus-bliss\/","title":{"rendered":"Citrus Gelukzaligheid Olie"},"content":{"rendered":"<p>Citrus Bliss Oil is een exclusief doTERRA mengsel dat essenti\u00eble citrusoli\u00ebn combineert tot een frisse, zoete en opwekkende geur. Dit mengsel bevat essenti\u00eble oli\u00ebn van wilde sinaasappel, citroen, grapefruit, mandarijn, bergamot, mandarijn en clementine.<\/p>\n<p>Het aroma van Citrus Bliss is verfrissend en opbeurend, waardoor het een uitstekende keuze is om thuis of op het werk te verspreiden. Het kan ook plaatselijk worden toegepast, verdund in een draagolie, om de huid te kalmeren en te verzachten.<\/p>\n<p>Naast het aangename aroma heeft Citrus Bliss heilzame therapeutische eigenschappen. De essenti\u00eble citrusoli\u00ebn in het mengsel kunnen helpen de stemming te verbeteren, stress en angst te verminderen en ontspanning te bevorderen. Naast het aangename aroma heeft Citrus Bliss heilzame therapeutische eigenschappen.<\/p>\n","protected":false},"excerpt":{"rendered":"<p>Citrus Bliss Oil is een exclusief doTERRA mengsel dat essenti\u00eble citrusoli\u00ebn combineert tot een frisse, zoete en opwekkende geur.<\/p>\n","protected":false},"featured_media":2272,"comment_status":"open","ping_status":"closed","template":"","meta":{"_joinchat":[]},"product_brand":[],"product_cat":[69,78],"product_tag":[],"class_list":{"0":"post-2615","1":"product","2":"type-product","3":"status-publish","4":"has-post-thumbnail","6":"product_cat-eigen-mengsels-van-essentiele-olien","7":"product_cat-etherische-olien","9":"first","10":"instock","11":"taxable","12":"shipping-taxable","13":"purchasable","14":"product-type-simple"},"_links":{"self":[{"href":"https:\/\/oilsmagic.org\/nl\/wp-json\/wp\/v2\/product\/2615","targetHints":{"allow":["GET"]}}],"collection":[{"href":"https:\/\/oilsmagic.org\/nl\/wp-json\/wp\/v2\/product"}],"about":[{"href":"https:\/\/oilsmagic.org\/nl\/wp-json\/wp\/v2\/types\/product"}],"replies":[{"embeddable":true,"href":"https:\/\/oilsmagic.org\/nl\/wp-json\/wp\/v2\/comments?post=2615"}],"version-history":[{"count":0,"href":"https:\/\/oilsmagic.org\/nl\/wp-json\/wp\/v2\/product\/2615\/revisions"}],"wp:featuredmedia":[{"embeddable":true,"href":"https:\/\/oilsmagic.org\/nl\/wp-json\/wp\/v2\/media\/2272"}],"wp:attachment":[{"href":"https:\/\/oilsmagic.org\/nl\/wp-json\/wp\/v2\/media?parent=2615"}],"wp:term":[{"taxonomy":"product_brand","embeddable":true,"href":"https:\/\/oilsmagic.org\/nl\/wp-json\/wp\/v2\/product_brand?post=2615"},{"taxonomy":"product_cat","embeddable":true,"href":"https:\/\/oilsmagic.org\/nl\/wp-json\/wp\/v2\/product_cat?post=2615"},{"taxonomy":"product_tag","embeddable":true,"href":"https:\/\/oilsmagic.org\/nl\/wp-json\/wp\/v2\/product_tag?post=2615"}],"curies":[{"name":"wp","href":"https:\/\/api.w.org\/{rel}","templated":true}]}}