{"id":2611,"date":"2023-03-21T20:13:32","date_gmt":"2023-03-22T01:13:32","guid":{"rendered":"https:\/\/oilsmagic.org\/producto\/triease-soft-capsules\/"},"modified":"2023-03-21T20:13:32","modified_gmt":"2023-03-22T01:13:32","slug":"soft-capsules-triease","status":"publish","type":"product","link":"https:\/\/oilsmagic.org\/nl\/product\/soft-capsules-triease\/","title":{"rendered":"TriEase Soft Capsules"},"content":{"rendered":"<p>doTERRA TriEase softgels zijn een voedingssupplement ontworpen om de gezondheid van de luchtwegen te ondersteunen en symptomen van seizoensgebonden allergie\u00ebn en andere ademhalingsproblemen te verlichten. De TriEase-formule bevat een mengsel van natuurlijke essenti\u00eble oli\u00ebn, waaronder pepermunt, citroen en lavendel, die al lang worden gebruikt vanwege hun heilzame werking op de luchtwegen.<\/p>\n<p>TriEase softgels zijn handig en gemakkelijk in te nemen, en zijn zo ontworpen dat ze de maag niet belasten. De TriEase formule kan ook worden gebruikt in combinatie met andere doTERRA producten, zoals essenti\u00eble oli\u00ebn voor de luchtwegen, om de luchtwegen volledig te ondersteunen en de algehele levenskwaliteit te verbeteren.<\/p>\n","protected":false},"excerpt":{"rendered":"<p>TriEase softgels zijn een voedingssupplement met een mengsel van natuurlijke essenti\u00eble oli\u00ebn ter ondersteuning van de luchtwegen en ter verlichting van symptomen van seizoensgebonden allergie\u00ebn en andere ademhalingsproblemen.<\/p>\n","protected":false},"featured_media":2268,"comment_status":"open","ping_status":"closed","template":"","meta":{"_joinchat":[]},"product_brand":[],"product_cat":[69,78],"product_tag":[],"class_list":{"0":"post-2611","1":"product","2":"type-product","3":"status-publish","4":"has-post-thumbnail","6":"product_cat-eigen-mengsels-van-essentiele-olien","7":"product_cat-etherische-olien","9":"first","10":"instock","11":"taxable","12":"shipping-taxable","13":"purchasable","14":"product-type-simple"},"_links":{"self":[{"href":"https:\/\/oilsmagic.org\/nl\/wp-json\/wp\/v2\/product\/2611","targetHints":{"allow":["GET"]}}],"collection":[{"href":"https:\/\/oilsmagic.org\/nl\/wp-json\/wp\/v2\/product"}],"about":[{"href":"https:\/\/oilsmagic.org\/nl\/wp-json\/wp\/v2\/types\/product"}],"replies":[{"embeddable":true,"href":"https:\/\/oilsmagic.org\/nl\/wp-json\/wp\/v2\/comments?post=2611"}],"version-history":[{"count":0,"href":"https:\/\/oilsmagic.org\/nl\/wp-json\/wp\/v2\/product\/2611\/revisions"}],"wp:featuredmedia":[{"embeddable":true,"href":"https:\/\/oilsmagic.org\/nl\/wp-json\/wp\/v2\/media\/2268"}],"wp:attachment":[{"href":"https:\/\/oilsmagic.org\/nl\/wp-json\/wp\/v2\/media?parent=2611"}],"wp:term":[{"taxonomy":"product_brand","embeddable":true,"href":"https:\/\/oilsmagic.org\/nl\/wp-json\/wp\/v2\/product_brand?post=2611"},{"taxonomy":"product_cat","embeddable":true,"href":"https:\/\/oilsmagic.org\/nl\/wp-json\/wp\/v2\/product_cat?post=2611"},{"taxonomy":"product_tag","embeddable":true,"href":"https:\/\/oilsmagic.org\/nl\/wp-json\/wp\/v2\/product_tag?post=2611"}],"curies":[{"name":"wp","href":"https:\/\/api.w.org\/{rel}","templated":true}]}}